{"id":461,"date":"2022-07-19T12:18:10","date_gmt":"2022-07-19T12:18:10","guid":{"rendered":"https:\/\/osopolita.org\/?post_type=product&#038;p=461"},"modified":"2022-10-05T07:58:18","modified_gmt":"2022-10-05T07:58:18","slug":"nacho-vegas-violetica-tote-bag","status":"publish","type":"product","link":"https:\/\/staging.osopolita.org\/eu\/producto\/nacho-vegas-violetica-tote-bag\/","title":{"rendered":"Nacho Vegas &#8211; Viol\u00e9tica (Tote bag)"},"content":{"rendered":"","protected":false},"excerpt":{"rendered":"<p>Bolsa negra con las ilustraciones creadas por Miguel Brieva para el \u00e1lbum\u00a0<em>Viol\u00e9tica<\/em>.<\/p>\n<p>Caracter\u00edsticas: 80% algod\u00f3n reciclado, 20% poli\u00e9ster reciclado, 300 GSM.\u00a0 A dos caras. Medidas: 49 x 37cm. Asas de 70cm.<\/p>\n","protected":false},"featured_media":462,"template":"","meta":[],"product_cat":[34],"product_tag":[],"jetpack_sharing_enabled":true,"_links":{"self":[{"href":"https:\/\/staging.osopolita.org\/eu\/wp-json\/wp\/v2\/product\/461"}],"collection":[{"href":"https:\/\/staging.osopolita.org\/eu\/wp-json\/wp\/v2\/product"}],"about":[{"href":"https:\/\/staging.osopolita.org\/eu\/wp-json\/wp\/v2\/types\/product"}],"wp:featuredmedia":[{"embeddable":true,"href":"https:\/\/staging.osopolita.org\/eu\/wp-json\/wp\/v2\/media\/462"}],"wp:attachment":[{"href":"https:\/\/staging.osopolita.org\/eu\/wp-json\/wp\/v2\/media?parent=461"}],"wp:term":[{"taxonomy":"product_cat","embeddable":true,"href":"https:\/\/staging.osopolita.org\/eu\/wp-json\/wp\/v2\/product_cat?post=461"},{"taxonomy":"product_tag","embeddable":true,"href":"https:\/\/staging.osopolita.org\/eu\/wp-json\/wp\/v2\/product_tag?post=461"}],"curies":[{"name":"wp","href":"https:\/\/api.w.org\/{rel}","templated":true}]}}