{"id":1720,"date":"2023-09-18T10:00:02","date_gmt":"2023-09-18T10:00:02","guid":{"rendered":"https:\/\/osopolita.org\/?post_type=product&#038;p=1720"},"modified":"2024-09-27T07:33:02","modified_gmt":"2024-09-27T07:33:02","slug":"el-columpio-asesino-gira-amarga-baja-camiseta","status":"publish","type":"product","link":"https:\/\/staging.osopolita.org\/eu\/producto\/el-columpio-asesino-gira-amarga-baja-camiseta\/","title":{"rendered":"El Columpio Asesino &#8211; Gira Amarga Baja (camiseta)"},"content":{"rendered":"<p>Camiseta org\u00e1nica certificado OCS. 100% Algod\u00f3n peinado org\u00e1nico.<\/p>\n","protected":false},"excerpt":{"rendered":"<p>Camiseta org\u00e1nica certificado OCS. 100% Algod\u00f3n peinado org\u00e1nico.<\/p>\n","protected":false},"featured_media":1731,"template":"","meta":[],"product_cat":[36],"product_tag":[],"jetpack_sharing_enabled":true,"_links":{"self":[{"href":"https:\/\/staging.osopolita.org\/eu\/wp-json\/wp\/v2\/product\/1720"}],"collection":[{"href":"https:\/\/staging.osopolita.org\/eu\/wp-json\/wp\/v2\/product"}],"about":[{"href":"https:\/\/staging.osopolita.org\/eu\/wp-json\/wp\/v2\/types\/product"}],"wp:featuredmedia":[{"embeddable":true,"href":"https:\/\/staging.osopolita.org\/eu\/wp-json\/wp\/v2\/media\/1731"}],"wp:attachment":[{"href":"https:\/\/staging.osopolita.org\/eu\/wp-json\/wp\/v2\/media?parent=1720"}],"wp:term":[{"taxonomy":"product_cat","embeddable":true,"href":"https:\/\/staging.osopolita.org\/eu\/wp-json\/wp\/v2\/product_cat?post=1720"},{"taxonomy":"product_tag","embeddable":true,"href":"https:\/\/staging.osopolita.org\/eu\/wp-json\/wp\/v2\/product_tag?post=1720"}],"curies":[{"name":"wp","href":"https:\/\/api.w.org\/{rel}","templated":true}]}}