{"id":1513,"date":"2023-05-11T07:03:28","date_gmt":"2023-05-11T07:03:28","guid":{"rendered":"https:\/\/osopolita.org\/?post_type=product&#038;p=1513"},"modified":"2024-01-02T14:47:45","modified_gmt":"2024-01-02T14:47:45","slug":"ben-yart-x-amantes-del-futuro","status":"publish","type":"product","link":"https:\/\/staging.osopolita.org\/eu\/producto\/ben-yart-x-amantes-del-futuro\/","title":{"rendered":"Ben Yart x Amantes del Futuro &#8211; Ma\u00f1aneo\/Cumbia Roja (Vinilo 7&#8243;)"},"content":{"rendered":"<p>Este single contiene la colaboraci\u00f3n entre las independientes La Roma Records (Ciudad de Mexico y Bogot\u00e1) y Oso Polita Discos (Bilbao):<\/p>\n<p>BEN YART &#8211; MA\u00d1ANEO<\/p>\n<p>AMANTES DEL FUTURO &#8211; CUMBIA ROJA<\/p>\n","protected":false},"excerpt":{"rendered":"<p>Este single contiene la colaboraci\u00f3n entre las independientes La Roma Records (Ciudad de Mexico y Bogot\u00e1) y Oso Polita Discos (Bilbao): BEN YART &#8211; MA\u00d1ANEO AMANTES [&hellip;]<\/p>\n","protected":false},"featured_media":1516,"template":"","meta":[],"product_cat":[39],"product_tag":[],"jetpack_sharing_enabled":true,"_links":{"self":[{"href":"https:\/\/staging.osopolita.org\/eu\/wp-json\/wp\/v2\/product\/1513"}],"collection":[{"href":"https:\/\/staging.osopolita.org\/eu\/wp-json\/wp\/v2\/product"}],"about":[{"href":"https:\/\/staging.osopolita.org\/eu\/wp-json\/wp\/v2\/types\/product"}],"wp:featuredmedia":[{"embeddable":true,"href":"https:\/\/staging.osopolita.org\/eu\/wp-json\/wp\/v2\/media\/1516"}],"wp:attachment":[{"href":"https:\/\/staging.osopolita.org\/eu\/wp-json\/wp\/v2\/media?parent=1513"}],"wp:term":[{"taxonomy":"product_cat","embeddable":true,"href":"https:\/\/staging.osopolita.org\/eu\/wp-json\/wp\/v2\/product_cat?post=1513"},{"taxonomy":"product_tag","embeddable":true,"href":"https:\/\/staging.osopolita.org\/eu\/wp-json\/wp\/v2\/product_tag?post=1513"}],"curies":[{"name":"wp","href":"https:\/\/api.w.org\/{rel}","templated":true}]}}