{"id":1488,"date":"2023-05-02T07:39:04","date_gmt":"2023-05-02T07:39:04","guid":{"rendered":"https:\/\/osopolita.org\/?post_type=product&#038;p=1488"},"modified":"2024-07-15T07:45:32","modified_gmt":"2024-07-15T07:45:32","slug":"nacho-vegas-canciones-populistas-vinilo-10","status":"publish","type":"product","link":"https:\/\/staging.osopolita.org\/eu\/producto\/nacho-vegas-canciones-populistas-vinilo-10\/","title":{"rendered":"Nacho Vegas &#8211; Canciones Populistas (Vinilo 10&#8243;)"},"content":{"rendered":"<p>Vinilo, 10\u201d color turquesa. Reedici\u00f3n especial Record Store Day 2023.<\/p>\n<p><em>Considerado como el hermano peque\u00f1o de su disco, \u201cResituaci\u00f3n\u201d (Abril 2014), \u201c<span data-markjs=\"true\">Canciones<\/span><span data-markjs=\"true\">populistas<\/span>\u201d ha sido grabado a caballo entre C\u00e1diz, Asturies, Madrid, Zaragoza y M\u00e9xico DF. El EP gira en torno a la reflexi\u00f3n sobre la necesidad de que la m\u00fasica quede exclu\u00edda del capitalismo y la mercantilizaci\u00f3n de la sociedad de hoy en d\u00eda. Sus cinco <span data-markjs=\"true\">canciones<\/span> dan como resultado un trabajo corto, pero muy heterog\u00e9neo.<\/em><\/p>\n","protected":false},"excerpt":{"rendered":"<p>Vinilo, 10\u201d color turquesa. Reedici\u00f3n especial Record Store Day 2023. Considerado como el hermano peque\u00f1o de su disco, \u201cResituaci\u00f3n\u201d (Abril 2014), \u201cCancionespopulistas\u201d ha sido grabado a [&hellip;]<\/p>\n","protected":false},"featured_media":1489,"template":"","meta":[],"product_cat":[34],"product_tag":[],"jetpack_sharing_enabled":true,"_links":{"self":[{"href":"https:\/\/staging.osopolita.org\/eu\/wp-json\/wp\/v2\/product\/1488"}],"collection":[{"href":"https:\/\/staging.osopolita.org\/eu\/wp-json\/wp\/v2\/product"}],"about":[{"href":"https:\/\/staging.osopolita.org\/eu\/wp-json\/wp\/v2\/types\/product"}],"wp:featuredmedia":[{"embeddable":true,"href":"https:\/\/staging.osopolita.org\/eu\/wp-json\/wp\/v2\/media\/1489"}],"wp:attachment":[{"href":"https:\/\/staging.osopolita.org\/eu\/wp-json\/wp\/v2\/media?parent=1488"}],"wp:term":[{"taxonomy":"product_cat","embeddable":true,"href":"https:\/\/staging.osopolita.org\/eu\/wp-json\/wp\/v2\/product_cat?post=1488"},{"taxonomy":"product_tag","embeddable":true,"href":"https:\/\/staging.osopolita.org\/eu\/wp-json\/wp\/v2\/product_tag?post=1488"}],"curies":[{"name":"wp","href":"https:\/\/api.w.org\/{rel}","templated":true}]}}