{"id":1069,"date":"2022-12-12T17:18:03","date_gmt":"2022-12-12T17:18:03","guid":{"rendered":"https:\/\/osopolita.org\/?post_type=product&#038;p=1069"},"modified":"2024-08-13T15:45:20","modified_gmt":"2024-08-13T15:45:20","slug":"nacho-vegas-pack-cd","status":"publish","type":"product","link":"https:\/\/staging.osopolita.org\/eu\/producto\/nacho-vegas-pack-cd\/","title":{"rendered":"Nacho Vegas &#8211; Pack CD"},"content":{"rendered":"<p>CD Mundos inm\u00f3viles derrumb\u00e1ndose<\/p>\n<p>CD Oro, salitre y carb\u00f3n<\/p>\n<p>CD Viol\u00e9tica<\/p>\n<p>chapas<\/p>\n<p>tote bag<\/p>\n","protected":false},"excerpt":{"rendered":"<p>CD Mundos inm\u00f3viles derrumb\u00e1ndose CD Oro, salitre y carb\u00f3n CD Viol\u00e9tica chapas tote bag<\/p>\n","protected":false},"featured_media":1070,"template":"","meta":[],"product_cat":[34],"product_tag":[],"jetpack_sharing_enabled":true,"_links":{"self":[{"href":"https:\/\/staging.osopolita.org\/eu\/wp-json\/wp\/v2\/product\/1069"}],"collection":[{"href":"https:\/\/staging.osopolita.org\/eu\/wp-json\/wp\/v2\/product"}],"about":[{"href":"https:\/\/staging.osopolita.org\/eu\/wp-json\/wp\/v2\/types\/product"}],"wp:featuredmedia":[{"embeddable":true,"href":"https:\/\/staging.osopolita.org\/eu\/wp-json\/wp\/v2\/media\/1070"}],"wp:attachment":[{"href":"https:\/\/staging.osopolita.org\/eu\/wp-json\/wp\/v2\/media?parent=1069"}],"wp:term":[{"taxonomy":"product_cat","embeddable":true,"href":"https:\/\/staging.osopolita.org\/eu\/wp-json\/wp\/v2\/product_cat?post=1069"},{"taxonomy":"product_tag","embeddable":true,"href":"https:\/\/staging.osopolita.org\/eu\/wp-json\/wp\/v2\/product_tag?post=1069"}],"curies":[{"name":"wp","href":"https:\/\/api.w.org\/{rel}","templated":true}]}}