{"id":1061,"date":"2022-12-12T17:03:21","date_gmt":"2022-12-12T17:03:21","guid":{"rendered":"https:\/\/osopolita.org\/?post_type=product&#038;p=1061"},"modified":"2024-07-15T09:27:12","modified_gmt":"2024-07-15T09:27:12","slug":"nacho-vegas-pack-vinilo","status":"publish","type":"product","link":"https:\/\/staging.osopolita.org\/eu\/producto\/nacho-vegas-pack-vinilo\/","title":{"rendered":"Nacho Vegas &#8211; Pack Vinilo"},"content":{"rendered":"<p>Vinilo Mundos inm\u00f3viles derrumb\u00e1ndose<\/p>\n<p>Vinilo Oro, salitre y carb\u00f3n<\/p>\n<p>chapas<\/p>\n<p>tote bag<\/p>\n","protected":false},"excerpt":{"rendered":"<p>Vinilo Mundos inm\u00f3viles derrumb\u00e1ndose Vinilo Oro, salitre y carb\u00f3n chapas tote bag<\/p>\n","protected":false},"featured_media":1062,"template":"","meta":[],"product_cat":[34],"product_tag":[],"jetpack_sharing_enabled":true,"_links":{"self":[{"href":"https:\/\/staging.osopolita.org\/eu\/wp-json\/wp\/v2\/product\/1061"}],"collection":[{"href":"https:\/\/staging.osopolita.org\/eu\/wp-json\/wp\/v2\/product"}],"about":[{"href":"https:\/\/staging.osopolita.org\/eu\/wp-json\/wp\/v2\/types\/product"}],"wp:featuredmedia":[{"embeddable":true,"href":"https:\/\/staging.osopolita.org\/eu\/wp-json\/wp\/v2\/media\/1062"}],"wp:attachment":[{"href":"https:\/\/staging.osopolita.org\/eu\/wp-json\/wp\/v2\/media?parent=1061"}],"wp:term":[{"taxonomy":"product_cat","embeddable":true,"href":"https:\/\/staging.osopolita.org\/eu\/wp-json\/wp\/v2\/product_cat?post=1061"},{"taxonomy":"product_tag","embeddable":true,"href":"https:\/\/staging.osopolita.org\/eu\/wp-json\/wp\/v2\/product_tag?post=1061"}],"curies":[{"name":"wp","href":"https:\/\/api.w.org\/{rel}","templated":true}]}}