{"id":852,"date":"2022-10-12T15:36:40","date_gmt":"2022-10-12T15:36:40","guid":{"rendered":"https:\/\/osopolita.org\/?page_id=852"},"modified":"2022-10-12T19:47:20","modified_gmt":"2022-10-12T19:47:20","slug":"lege-abisua","status":"publish","type":"page","link":"https:\/\/staging.osopolita.org\/eu\/lege-abisua\/","title":{"rendered":"Lege abisua"},"content":{"rendered":"\n<p><strong>OBJETO Y \u00c1MBITO DE APLICACI\u00d3N<\/strong><\/p>\n\n\n\n<p>Este texto (en lo sucesivo, el&nbsp;<strong>\u201c<\/strong>aviso legal\u201d) establece las condiciones de uso de la p\u00e1gina web https:\/\/www.osopolita.org (en lo sucesivo, la \u201cp\u00e1gina web\u201d).<\/p>\n\n\n\n<p>La p\u00e1gina web es titularidad y est\u00e1 gestionada por&nbsp;OSO POLITA RECORDS S.L.., con domicilio&nbsp;social en Camino de la Ventosa, 46, 1\u00ba D, CP 48013 de Bilbao y con&nbsp;N.I.F.&nbsp;B-95.923.512&nbsp;(en lo sucesivo, \u201cel titular\u201d).<\/p>\n\n\n\n<p>El acceso a la misma confiere al visitante la condici\u00f3n de usuario (en lo sucesivo, el&nbsp;<strong>\u201c<\/strong>usuario\u201d), lo cual implica la aceptaci\u00f3n y compromiso de cumplimiento, por su parte, de todas y cada una de las condiciones contenidas en este aviso legal, en la versi\u00f3n que se encuentre publicada en el momento en que tenga lugar el acceso.<\/p>\n\n\n\n<p>El presente aviso legal ser\u00e1 de aplicaci\u00f3n a todas aquellas p\u00e1ginas que figuran dentro del mapa web, que son las \u00fanicas comprendidas en esta p\u00e1gina web y ser\u00e1 aplicable&nbsp;sin perjuicio de las condiciones particulares que pudieran aplicarse para determinados y concretos servicios del sitio web.<\/p>\n\n\n\n<p>El titular podr\u00e1 recopilar la direcci\u00f3n IP del usuario, as\u00ed como los datos de navegaci\u00f3n dentro del sitio web con el fin de identificar posibles usos fraudulentos del sitio web, as\u00ed como adaptar el contenido, la oferta y la navegaci\u00f3n de cada usuario, para mejorar su experiencia en el sitio web.<\/p>\n\n\n\n<p>El titular se reserva el derecho a modificar, en todo o en parte, en cualquier momento y sin necesidad de preaviso de ning\u00fan tipo este aviso legal. Dichas variaciones producir\u00e1n, en su caso, efectos desde el mismo momento de su publicaci\u00f3n. Las condiciones de uso vigentes ser\u00e1n las que se encuentren publicadas en cada momento en este&nbsp;aviso&nbsp;legal, por lo que ser\u00e1 responsabilidad&nbsp;exclusivamente&nbsp;del&nbsp;usuario consultar regularmente su contenido para conocer la versi\u00f3n actualizada.<\/p>\n\n\n\n<p><strong>NAVEGACI\u00d3N<\/strong><\/p>\n\n\n\n<p>El acceso a esta&nbsp;p\u00e1gina&nbsp;web es responsabilidad exclusiva del&nbsp;usuario, que debe realizar un uso l\u00edcito de la misma, de acuerdo&nbsp;con el presente&nbsp;aviso&nbsp;legal y&nbsp;con&nbsp;la legalidad vigente&nbsp;en cada momento.<\/p>\n\n\n\n<p>El titular&nbsp;no se responsabiliza ni garantiza que el acceso a la&nbsp;p\u00e1gina&nbsp;web sea ininterrumpido,&nbsp;que est\u00e9 libre de errores&nbsp;o&nbsp;que&nbsp;pueda causar alg\u00fan da\u00f1o. En ning\u00fan caso,&nbsp;el titular&nbsp;ser\u00e1 responsable por las p\u00e9rdidas, da\u00f1os o perjuicios,&nbsp;de cualquier tipo,&nbsp;que surjan&nbsp;o puedan derivarse del acceso y navegaci\u00f3n&nbsp;por&nbsp;la&nbsp;p\u00e1gina&nbsp;web, incluy\u00e9ndose pero no limit\u00e1ndose, a los ocasionados a los sistemas inform\u00e1ticos o los provocados por la introducci\u00f3n de virus; ni se hace responsable en modo alguno de las ca\u00eddas, interrupciones, falta o defecto de las telecomunicaciones que pudieran ocurrir mientras el Usuario navega por ella.<\/p>\n\n\n\n<p><strong>PROPIEDAD INTELECTUAL E INDUSTRIAL<\/strong><\/p>\n\n\n\n<p>La totalidad de este sitio web, es decir tanto los textos como&nbsp;los&nbsp;elementos gr\u00e1ficos&nbsp;asociados al mismo&nbsp;(dise\u00f1o, c\u00f3digo fuente, marcas, logos, fotograf\u00edas, botones, combinaciones de colores, y en general cualquier elemento que constituya una creaci\u00f3n intelectual novedosa) as\u00ed como su presentaci\u00f3n, estructura, ordenaci\u00f3n, configuraci\u00f3n, y montaje, que constituyen&nbsp;la p\u00e1gina&nbsp;web y\/o que son&nbsp;difundidos a trav\u00e9s de ella, son titularidad exclusiva o se encuentran licenciados a&nbsp;el titular,&nbsp;y se encuentran protegidos por la Ley de Propiedad Intelectual. No podr\u00e1n ser objeto de explotaci\u00f3n, reproducci\u00f3n,&nbsp;distribuci\u00f3n, modificaci\u00f3n, comunicaci\u00f3n p\u00fablica, cesi\u00f3n o transformaci\u00f3n, salvo que medie autorizaci\u00f3n expresa del indicado titular o&nbsp;titulares de los derechos.<\/p>\n\n\n\n<p>El acceso a esta&nbsp;p\u00e1gina&nbsp;web no otorga a los&nbsp;usuarios&nbsp;prerrogativa, ni titularidad alguna sobre los derechos de propiedad intelectual o industrial&nbsp;y\/o&nbsp;los contenidos que alberga.<\/p>\n\n\n\n<p>Los&nbsp;usuarios que accedan a esta&nbsp;p\u00e1gina&nbsp;web no podr\u00e1n copiar, modificar, distribuir, transmitir, reproducir, publicar, ceder,&nbsp;ni vender los elementos anteriormente mencionados o crear nuevos productos o servicios derivados de la informaci\u00f3n obtenida,&nbsp;sin&nbsp;previa&nbsp;autorizaci\u00f3n expresa y por escrito del titular.<\/p>\n\n\n\n<p>Queda terminantemente prohibida la alteraci\u00f3n del contenido o estructura de esta&nbsp;p\u00e1gina&nbsp;web por parte del&nbsp;usuario.<\/p>\n\n\n\n<p>El titular&nbsp;se reserva la posibilidad de ejercer las acciones judiciales que correspondan contra&nbsp;quienes&nbsp;violen o infrinjan los derechos de propiedad intelectual e industrial&nbsp;relativos a la p\u00e1gina web.<\/p>\n\n\n\n<p><strong>ENLACES<\/strong><\/p>\n\n\n\n<p>Enlaces a otras&nbsp;p\u00e1ginas web:<\/p>\n\n\n\n<p>La&nbsp;p\u00e1gina&nbsp;web podr\u00e1 incorporar enlaces de acceso (hiperv\u00ednculos o&nbsp;<em>links<\/em>) a otras p\u00e1ginas web&nbsp;que corresponden a terceros y&nbsp;de las que&nbsp;el titular&nbsp;no&nbsp;sea&nbsp;titular. En ning\u00fan caso, dicha posibilidad implicar\u00e1 la existencia de relaci\u00f3n entre&nbsp;el titular de esta p\u00e1gina web&nbsp;y el titular de la p\u00e1gina web a la que dicho hiperv\u00ednculo redirige, ni siquiera la aprobaci\u00f3n o aceptaci\u00f3n de su contenido.<\/p>\n\n\n\n<p>El titular no asume ning\u00fan tipo de responsabilidad por ning\u00fan aspecto relativo al sitio web al que se establece un enlace desde la p\u00e1gina web, en concreto, a t\u00edtulo enunciativo y no taxativo, sobre su funcionamiento, acceso, datos, informaci\u00f3n, archivos, calidad y fiabilidad de sus productos y servicios, sus propios enlaces y\/o cualquiera de sus contenidos, en general.<\/p>\n\n\n\n<p>Enlaces en otros sitios web con destino a la p\u00e1gina web:<\/p>\n\n\n\n<p>Si cualquier usuario, entidad o sitio web deseara establecer alg\u00fan tipo de enlace con destino a la p\u00e1gina web, deber\u00e1 atender a las siguientes estipulaciones:<br>El enlace solamente se dirigir\u00e1 a la p\u00e1gina principal o&nbsp;<em>home<\/em>&nbsp;de la p\u00e1gina web. En ning\u00fan caso alguno estar\u00e1n permitidos los&nbsp;<em>deep-links<\/em>.<\/p>\n\n\n\n<p>El enlace debe ser absoluto y completo, es decir, debe llevar al usuario, mediante un&nbsp;<em>click<\/em>, a la propia direcci\u00f3n URL de la p\u00e1gina web, y debe abarcar completamente toda la extensi\u00f3n de la pantalla de la p\u00e1gina principal de la p\u00e1gina web. En ning\u00fan caso, salvo que el titular lo autorice de manera expresa y por escrito, el sitio web que realiza el enlace podr\u00e1 reproducir, de cualquier manera, la p\u00e1gina web, incluirla como parte de su web o dentro de uno de sus&nbsp;<em>frames<\/em>&nbsp;o crear un&nbsp;<em>browser<\/em>&nbsp;sobre cualquiera de las p\u00e1ginas de la p\u00e1gina web.<\/p>\n\n\n\n<p>En la p\u00e1gina que establece el enlace no se podr\u00e1 declarar de ninguna manera que el titular ha autorizado tal enlace, salvo que el titular lo haya hecho expresamente y por escrito. Si la persona o entidad que realiza el enlace desde su portal a la p\u00e1gina web deseara incluir en su p\u00e1gina web la marca, denominaci\u00f3n, nombre comercial, r\u00f3tulo, logotipo,&nbsp;<em>slogan<\/em>&nbsp;o cualquier otro tipo de elemento identificativo de el titular y\/o de la p\u00e1gina web, deber\u00e1 contar previamente con su autorizaci\u00f3n expresa y por escrito.<\/p>\n\n\n\n<p>El titular no autoriza el establecimiento de un enlace a la p\u00e1gina web desde aquellos sitios web que contengan materiales, informaci\u00f3n o contenidos il\u00edcitos, ilegales, degradantes,&nbsp;obscenos y, en general, que contravengan la moral, el orden p\u00fablico o las normas sociales generalmente aceptadas.<\/p>\n\n\n\n<p>El titular&nbsp;no tiene facultad ni medios humanos y t\u00e9cnicos para conocer, controlar,&nbsp;ni aprobar toda la informaci\u00f3n, contenidos, productos o servicios facilitados por otros sitios web que tengan establecidos enlaces con destino a&nbsp;la&nbsp;p\u00e1gina web.&nbsp;El titular&nbsp;no asume ning\u00fan tipo de responsabilidad por cualquier aspecto relativo al&nbsp;sitio&nbsp;web que establezca&nbsp;ese enlace con destino a&nbsp;la&nbsp;p\u00e1gina web, en concreto a t\u00edtulo enunciativo y no taxativo, sobre su funcionamiento, acceso, datos, informaci\u00f3n, archivos, calidad y fiabilidad de sus productos y servicios, sus propios enlaces y\/o cualquiera de sus contenidos, en general.<\/p>\n\n\n\n<p>Servicios prestados por terceros a trav\u00e9s de&nbsp;la&nbsp;p\u00e1gina web:<\/p>\n\n\n\n<p>El titular&nbsp;no garantiza la licitud, fiabilidad y utilidad de los servicios prestados por terceros a trav\u00e9s de&nbsp;la&nbsp;p\u00e1gina&nbsp;web&nbsp;o sobre los que&nbsp;el titular&nbsp;\u00fanicamente act\u00fae como mero cauce publicitario.<\/p>\n\n\n\n<p><strong>SEGURIDAD<\/strong><\/p>\n\n\n\n<p>Los servicios de acceso a informaci\u00f3n&nbsp;se ejecutan en un entorno seguro, utilizando protocolos de protecci\u00f3n de los datos comunicados. El servidor seguro establece una conexi\u00f3n&nbsp;que implica&nbsp;que la informaci\u00f3n se transmite cifrada. El&nbsp;usuario puede comprobar que se encuentra dentro de un entorno seguro si en la barra de estado de su navegador aparece un candado cerrado.<\/p>\n\n\n\n<p><strong>UTILIZACI\u00d3N DEL SITIO WEB<\/strong><\/p>\n\n\n\n<p>Para utilizar algunas partes de la p\u00e1gina web, y\/o contratar alg\u00fan bien o servicio a trav\u00e9s de la misma, es posible que el usuario tenga que crear una cuenta y\/o realizar un registro.<\/p>\n\n\n\n<p>El usuario ser\u00e1 responsable de aportar informaci\u00f3n veraz y l\u00edcita. Si como consecuencia del registro, se dotara al usuario de una contrase\u00f1a, \u00e9ste se compromete a hacer un uso diligente y a mantener en secreto la contrase\u00f1a de acceso.<\/p>\n\n\n\n<p>Es su responsabilidad custodiar la contrase\u00f1a.<\/p>\n\n\n\n<p>En consecuencia, los usuarios son responsables de la adecuada custodia y confidencialidad de cualesquiera identificadores y\/o contrase\u00f1as que le sean suministradas, y se comprometen a no ceder su uso a terceros, ya sea temporal o permanente, ni a permitir su acceso a personas ajenas. Ser\u00e1 responsabilidad del usuario la utilizaci\u00f3n il\u00edcita de los servicios por cualquier tercero ileg\u00edtimo que emplee a tal efecto una contrase\u00f1a a causa de una utilizaci\u00f3n no diligente o de la p\u00e9rdida de la misma por el usuario.<\/p>\n\n\n\n<p><strong>ENV\u00cdO DE COMUNICACIONES COMERCIALES<\/strong><\/p>\n\n\n\n<p>Mediante la validaci\u00f3n de cualquier casilla habilitada al efecto en el&nbsp;sitio&nbsp;web o el registro voluntario para recibir&nbsp;<em>newsletters<\/em>, el&nbsp;usuario consiente expresamente la recepci\u00f3n de comunicaciones comerciales v\u00eda correo electr\u00f3nico por parte del titular,&nbsp;relacionadas con los productos o servicios que ofrece ella misma en relaci\u00f3n con&nbsp;los eventos que desarrolla, o bien alguna de las empresas que componen el grupo LAST TOUR y que se detallan en nuestra&nbsp;<em>Pol\u00edtica de Privacidad<\/em>.<\/p>\n\n\n\n<p>En el caso de&nbsp;usuarios con los que exista una relaci\u00f3n contractual previa,&nbsp;el titular&nbsp;est\u00e1 autorizado&nbsp;al env\u00edo de comunicaciones comerciales referentes a productos o servicios que sean similares a los que inicialmente fueron objeto de contrataci\u00f3n con el usuario.<\/p>\n\n\n\n<p>El&nbsp;usuario podr\u00e1 renunciar en cualquier momento a recibir cualquier tipo de comunicaci\u00f3n&nbsp;enviando un correo electr\u00f3nico a&nbsp;<a href=\"mailto:dpo@lasttour.net\">dpo@lasttour.net<\/a>, manifestando dicha intenci\u00f3n de renuncia.<\/p>\n\n\n\n<p><strong>MENORES DE EDAD<\/strong><\/p>\n\n\n\n<p>S\u00f3lo aquellos usuarios mayores de 14 a\u00f1os podr\u00e1n suministrar informaci\u00f3n personal en el sitio web para ser incluida en las bases de datos del titular. Sin embargo, mediando el previo consentimiento de sus padres, tutores o responsables legales podr\u00e1n proceder a la inclusi\u00f3n de sus datos personales en los formularios del sitio web.<\/p>\n\n\n\n<p><strong>PARTICIPACI\u00d3N DE LOS USUARIOS<\/strong><\/p>\n\n\n\n<p>Algunas partes de la p\u00e1gina&nbsp;web pueden permitir la participaci\u00f3n&nbsp;de los usuarios&nbsp;mediante comentarios, y\/u otros modos de participaci\u00f3n an\u00e1logos o accesorios de los mismos, pudiendo en tal caso cualquier usuario enviar textos,&nbsp;y\/u otros elementos,&nbsp;a trav\u00e9s del formulario establecido a tal efecto. Al enviar dichos textos, y\/u otros elementos, haciendo&nbsp;<em>click<\/em>&nbsp;en el enlace, bot\u00f3n y\/o banner&nbsp;correspondiente, el usuario acepta:<\/p>\n\n\n\n<ul><li>Respetar la legislaci\u00f3n aplicable, la moral y buenas costumbres generalmente aceptadas, el orden p\u00fablico y las presentes condiciones generales de&nbsp;uso.<\/li><li>Remitir \u00fanicamente opiniones y comentarios l\u00edcitos y veraces, ajustados a la tem\u00e1tica&nbsp;que corresponda.<\/li><li>Conferir al&nbsp;titular&nbsp;licencia tan amplia como en derecho se requiera para la publicaci\u00f3n de los textos en Internet.<\/li><li>Abstenerse de enviar contenidos o enlaces difamatorios, injuriosos, ofensivos, insultantes, racistas, obscenos, amenazadores o discriminatorios; as\u00ed como comerciales, promocionales o publicitarios.<\/li><\/ul>\n\n\n\n<p>Del mismo modo, los usuarios reconocen:<\/p>\n\n\n\n<ul><li>Que&nbsp;el titular&nbsp;no responder\u00e1 de forma alguna por las opiniones vertidas por los usuarios,&nbsp;ni por su participaci\u00f3n, intervenci\u00f3n, y\/o acciones, todos los cuales se llevan a cabo&nbsp;bajo su \u00fanica y exclusiva responsabilidad.<\/li><li>Que los comentarios de los usuarios no representan las opiniones del titular, de sus socios, administradores, ni&nbsp;de sus empleados.<\/li><li>Que&nbsp;el titular&nbsp;no garantiza, en ning\u00fan caso, la publicaci\u00f3n de los contenidos enviados por los usuarios.<\/li><li>Que&nbsp;el titular&nbsp;podr\u00e1 eliminar aquellos comentarios&nbsp;y\/o contenidos&nbsp;que no cumplan con las presentes normas de participaci\u00f3n, y\/o que supongan o puedan suponer una infracci\u00f3n legal de cualquier tipo.<\/li><\/ul>\n\n\n\n<p><strong>LEGISLACI\u00d3N APLICABLE Y JURISDICCI\u00d3N COMPETENTE<\/strong><\/p>\n\n\n\n<p>El presente aviso legal, se regir\u00e1 e interpretar\u00e1 con arreglo a la legislaci\u00f3n espa\u00f1ola. Cualquier controversia que pudiera derivarse del acceso o la utilizaci\u00f3n de la p\u00e1gina web se someter\u00e1 a la exclusiva jurisdicci\u00f3n de los Juzgados y Tribunales de Bilbao (Espa\u00f1a).<\/p>\n","protected":false},"excerpt":{"rendered":"<p>OBJETO Y \u00c1MBITO DE APLICACI\u00d3N Este texto (en lo sucesivo, el&nbsp;\u201caviso legal\u201d) establece las condiciones de uso de la p\u00e1gina web https:\/\/www.osopolita.org (en lo sucesivo, la [&hellip;]<\/p>\n","protected":false},"author":1,"featured_media":0,"parent":0,"menu_order":0,"comment_status":"closed","ping_status":"closed","template":"template-legales.php","meta":{"footnotes":""},"jetpack_sharing_enabled":true,"_links":{"self":[{"href":"https:\/\/staging.osopolita.org\/eu\/wp-json\/wp\/v2\/pages\/852"}],"collection":[{"href":"https:\/\/staging.osopolita.org\/eu\/wp-json\/wp\/v2\/pages"}],"about":[{"href":"https:\/\/staging.osopolita.org\/eu\/wp-json\/wp\/v2\/types\/page"}],"author":[{"embeddable":true,"href":"https:\/\/staging.osopolita.org\/eu\/wp-json\/wp\/v2\/users\/1"}],"replies":[{"embeddable":true,"href":"https:\/\/staging.osopolita.org\/eu\/wp-json\/wp\/v2\/comments?post=852"}],"version-history":[{"count":1,"href":"https:\/\/staging.osopolita.org\/eu\/wp-json\/wp\/v2\/pages\/852\/revisions"}],"predecessor-version":[{"id":853,"href":"https:\/\/staging.osopolita.org\/eu\/wp-json\/wp\/v2\/pages\/852\/revisions\/853"}],"wp:attachment":[{"href":"https:\/\/staging.osopolita.org\/eu\/wp-json\/wp\/v2\/media?parent=852"}],"curies":[{"name":"wp","href":"https:\/\/api.w.org\/{rel}","templated":true}]}}