{"id":842,"date":"2022-10-12T18:51:00","date_gmt":"2022-10-12T18:51:00","guid":{"rendered":"https:\/\/osopolita.org\/politica-de-cookies\/"},"modified":"2022-10-12T19:38:53","modified_gmt":"2022-10-12T19:38:53","slug":"cookieen-politika","status":"publish","type":"page","link":"https:\/\/staging.osopolita.org\/eu\/cookieen-politika\/","title":{"rendered":"Cookieen politika"},"content":{"rendered":"\n<p>La presente&nbsp;<em>pol\u00edtica de cookies<\/em>&nbsp;forma parte de las condiciones de uso de la p\u00e1gina web&nbsp;htttp:\/\/www.osopolita.org La navegaci\u00f3n por la misma implica la aceptaci\u00f3n de dichas&nbsp;condiciones generales, incluida la&nbsp;presente&nbsp;<em>pol\u00edtica de cookies<\/em>. Una&nbsp;<em>cookie<\/em>&nbsp;es un fichero que se descarga en el disco duro del usuario al acceder a determinadas p\u00e1ginas web.&nbsp;Las&nbsp;<em>cookies<\/em>, entre otras cosas posibilitan, almacenar y recuperar informaci\u00f3n sobre los h\u00e1bitos de navegaci\u00f3n del dispositivo desde el cual se navega y,&nbsp;en ocasiones,&nbsp;reconocer al usuario.<\/p>\n\n\n\n<p>La p\u00e1gina web&nbsp;utiliza&nbsp;<em>cookies<\/em>&nbsp;de terceros para conocer la actividad de los usuarios de sus p\u00e1ginas web as\u00ed como mejorar y personalizar su experiencia.<\/p>\n\n\n\n<p>Se utiliza el servicio Google&nbsp;Analytics, que es prestado por Google, Inc., Google&nbsp;Analytics&nbsp;utiliza&nbsp;<em>cookies<\/em>&nbsp;para facilitarnos el an\u00e1lisis a del uso que se hace de este sitio web. La informaci\u00f3n que genera la&nbsp;<em>cookie<\/em>&nbsp;acerca del uso del sitio web (incluyendo la direcci\u00f3n IP) ser\u00e1 directamente transmitida y archivada por Google en sus servidores de Estados Unidos. Google usar\u00e1 esta informaci\u00f3n por cuenta nuestra con el prop\u00f3sito de seguir la pista de su uso del sitio web, recopilando informes de la actividad del sitio y prestando otros servicios relacionados con la actividad del sitio y el uso de Internet. Google podr\u00e1 transmitir dicha informaci\u00f3n a terceros cuando as\u00ed se lo requiera la legislaci\u00f3n, o cuando dichos terceros procesen la informaci\u00f3n por cuenta de Google. En estos casos, Google no asociar\u00e1 su direcci\u00f3n IP con ning\u00fan otro dato del que disponga Google.<\/p>\n\n\n\n<p>Al utilizar este sitio usted autoriza el tratamiento de la informaci\u00f3n generada por Google en la forma y para los fines arriba mencionados.<\/p>\n\n\n\n<p>De esta manera, las&nbsp;<em>cookies<\/em>&nbsp;de an\u00e1lisis pueden ser utilizadas para reconocerle en visitas sucesivas, para obtener informaci\u00f3n acerca de la fecha y hora de su \u00faltima visita, medir algunos par\u00e1metros de tr\u00e1fico dentro del propio sitio web, y estimar el n\u00famero de visitas realizadas, de manera que podamos enfocar y ajustar los servicios de forma m\u00e1s efectiva.<\/p>\n\n\n\n<p>Si desea impedir la generaci\u00f3n o descarga de&nbsp;<em>cookies<\/em>&nbsp;a trav\u00e9s de su navegador puede realizarlo a trav\u00e9s de los siguientes enlaces:<\/p>\n\n\n\n<ul><li>Internet Explorer: Herramientas -&gt; Opciones de Internet -&gt; Privacidad -&gt; Configuraci\u00f3n. Para m\u00e1s informaci\u00f3n, puede consultar el soporte de Microsoft o la Ayuda del navegador.<\/li><li>Firefox: Herramientas -&gt; Opciones -&gt; Privacidad -&gt; Historial -&gt; Configuraci\u00f3n Personalizada. Para m\u00e1s informaci\u00f3n, puede consultar el soporte de Mozilla o la Ayuda del navegador.<\/li><li>Chrome: Configuraci\u00f3n -&gt; Mostrar opciones avanzadas -&gt; Privacidad -&gt; Configuraci\u00f3n de contenido. Para m\u00e1s informaci\u00f3n, puede consultar el soporte de Google o la Ayuda del navegador.<\/li><li>Safari: Preferencias -&gt; Seguridad. Para m\u00e1s informaci\u00f3n, puede consultar el soporte de Apple o la Ayuda del navegador.<\/li><\/ul>\n","protected":false},"excerpt":{"rendered":"<p>La presente&nbsp;pol\u00edtica de cookies&nbsp;forma parte de las condiciones de uso de la p\u00e1gina web&nbsp;htttp:\/\/www.osopolita.org La navegaci\u00f3n por la misma implica la aceptaci\u00f3n de dichas&nbsp;condiciones generales, incluida [&hellip;]<\/p>\n","protected":false},"author":1,"featured_media":0,"parent":0,"menu_order":0,"comment_status":"closed","ping_status":"closed","template":"template-legales.php","meta":{"footnotes":""},"jetpack_sharing_enabled":true,"_links":{"self":[{"href":"https:\/\/staging.osopolita.org\/eu\/wp-json\/wp\/v2\/pages\/842"}],"collection":[{"href":"https:\/\/staging.osopolita.org\/eu\/wp-json\/wp\/v2\/pages"}],"about":[{"href":"https:\/\/staging.osopolita.org\/eu\/wp-json\/wp\/v2\/types\/page"}],"author":[{"embeddable":true,"href":"https:\/\/staging.osopolita.org\/eu\/wp-json\/wp\/v2\/users\/1"}],"replies":[{"embeddable":true,"href":"https:\/\/staging.osopolita.org\/eu\/wp-json\/wp\/v2\/comments?post=842"}],"version-history":[{"count":1,"href":"https:\/\/staging.osopolita.org\/eu\/wp-json\/wp\/v2\/pages\/842\/revisions"}],"predecessor-version":[{"id":851,"href":"https:\/\/staging.osopolita.org\/eu\/wp-json\/wp\/v2\/pages\/842\/revisions\/851"}],"wp:attachment":[{"href":"https:\/\/staging.osopolita.org\/eu\/wp-json\/wp\/v2\/media?parent=842"}],"curies":[{"name":"wp","href":"https:\/\/api.w.org\/{rel}","templated":true}]}}